{"id":3302,"date":"2024-04-08T23:44:56","date_gmt":"2024-04-08T23:44:56","guid":{"rendered":"https:\/\/mormove.com\/?page_id=3302"},"modified":"2024-07-15T16:39:38","modified_gmt":"2024-07-15T16:39:38","slug":"golden","status":"publish","type":"page","link":"https:\/\/mormove.com\/index.php\/golden\/","title":{"rendered":"golden"},"content":{"rendered":"\t\t<div data-elementor-type=\"wp-page\" data-elementor-id=\"3302\" class=\"elementor elementor-3302\" data-elementor-post-type=\"page\">\n\t\t\t\t\t\t<section class=\"elementor-section elementor-top-section elementor-element elementor-element-f5834e7 elementor-section-full_width elementor-section-height-default elementor-section-height-default\" data-id=\"f5834e7\" data-element_type=\"section\">\n\t\t\t\t\t\t<div class=\"elementor-container elementor-column-gap-no\">\n\t\t\t\t\t<div class=\"elementor-column elementor-col-100 elementor-top-column elementor-element elementor-element-88b3427\" data-id=\"88b3427\" data-element_type=\"column\">\n\t\t\t<div class=\"elementor-widget-wrap elementor-element-populated\">\n\t\t\t\t\t\t<div class=\"elementor-element elementor-element-c29fc57 elementor-widget elementor-widget-spacer\" data-id=\"c29fc57\" data-element_type=\"widget\" data-widget_type=\"spacer.default\">\n\t\t\t\t<div class=\"elementor-widget-container\">\n\t\t\t<style>\/*! elementor - v3.22.0 - 26-06-2024 *\/\n.elementor-column .elementor-spacer-inner{height:var(--spacer-size)}.e-con{--container-widget-width:100%}.e-con-inner>.elementor-widget-spacer,.e-con>.elementor-widget-spacer{width:var(--container-widget-width,var(--spacer-size));--align-self:var(--container-widget-align-self,initial);--flex-shrink:0}.e-con-inner>.elementor-widget-spacer>.elementor-widget-container,.e-con>.elementor-widget-spacer>.elementor-widget-container{height:100%;width:100%}.e-con-inner>.elementor-widget-spacer>.elementor-widget-container>.elementor-spacer,.e-con>.elementor-widget-spacer>.elementor-widget-container>.elementor-spacer{height:100%}.e-con-inner>.elementor-widget-spacer>.elementor-widget-container>.elementor-spacer>.elementor-spacer-inner,.e-con>.elementor-widget-spacer>.elementor-widget-container>.elementor-spacer>.elementor-spacer-inner{height:var(--container-widget-height,var(--spacer-size))}.e-con-inner>.elementor-widget-spacer.elementor-widget-empty,.e-con>.elementor-widget-spacer.elementor-widget-empty{position:relative;min-height:22px;min-width:22px}.e-con-inner>.elementor-widget-spacer.elementor-widget-empty .elementor-widget-empty-icon,.e-con>.elementor-widget-spacer.elementor-widget-empty .elementor-widget-empty-icon{position:absolute;top:0;bottom:0;left:0;right:0;margin:auto;padding:0;width:22px;height:22px}<\/style>\t\t<div class=\"elementor-spacer\">\n\t\t\t<div class=\"elementor-spacer-inner\"><\/div>\n\t\t<\/div>\n\t\t\t\t<\/div>\n\t\t\t\t<\/div>\n\t\t\t\t<div class=\"elementor-element elementor-element-97b78db elementor-invisible elementor-widget elementor-widget-heading\" data-id=\"97b78db\" data-element_type=\"widget\" data-settings=\"{&quot;_animation&quot;:&quot;fadeInDown&quot;}\" data-widget_type=\"heading.default\">\n\t\t\t\t<div class=\"elementor-widget-container\">\n\t\t\t<style>\/*! elementor - v3.22.0 - 26-06-2024 *\/\n.elementor-heading-title{padding:0;margin:0;line-height:1}.elementor-widget-heading .elementor-heading-title[class*=elementor-size-]>a{color:inherit;font-size:inherit;line-height:inherit}.elementor-widget-heading .elementor-heading-title.elementor-size-small{font-size:15px}.elementor-widget-heading .elementor-heading-title.elementor-size-medium{font-size:19px}.elementor-widget-heading .elementor-heading-title.elementor-size-large{font-size:29px}.elementor-widget-heading .elementor-heading-title.elementor-size-xl{font-size:39px}.elementor-widget-heading .elementor-heading-title.elementor-size-xxl{font-size:59px}<\/style><h2 class=\"elementor-heading-title elementor-size-default\">Recevez votre devis personnalis\u00e9<\/h2>\t\t<\/div>\n\t\t\t\t<\/div>\n\t\t\t\t<div class=\"elementor-element elementor-element-2cbb56f elementor-widget elementor-widget-spacer\" data-id=\"2cbb56f\" data-element_type=\"widget\" data-widget_type=\"spacer.default\">\n\t\t\t\t<div class=\"elementor-widget-container\">\n\t\t\t\t\t<div class=\"elementor-spacer\">\n\t\t\t<div class=\"elementor-spacer-inner\"><\/div>\n\t\t<\/div>\n\t\t\t\t<\/div>\n\t\t\t\t<\/div>\n\t\t\t\t<div class=\"elementor-element elementor-element-9370465 elementor-widget elementor-widget-fastrans_why_choose_us\" data-id=\"9370465\" data-element_type=\"widget\" data-widget_type=\"fastrans_why_choose_us.default\">\n\t\t\t\t<div class=\"elementor-widget-container\">\n\t\t\t\t\n    <!-- Start of why choose us section\n\t============================================= -->\n\t<section id=\"ft-why-choose-2\" class=\"ft-why-choose-section-2 position-relative\">\n\t\t<span class=\"why-choose-bg-2\"><img decoding=\"async\" src=\"https:\/\/mormove.com\/wp-content\/uploads\/2021\/10\/wc-bg2.jpg\" alt=\"Awesome Image\"><\/span>\t\t<span class=\"why-choose-img-2 position-absolute\"><img decoding=\"async\" src=\"https:\/\/mormove.com\/wp-content\/uploads\/2021\/10\/ab3.png\" alt=\"Awesome Image\"><\/span>\t\t<div class=\"container\">\n\t\t\t<div class=\"ft-why-choose-content-2\">\n\t\t\t\t<div class=\"row\">\n\t\t\t\t\t<div class=\"col-lg-6\">\n\t\t\t\t\t\t<div class=\"ft-why-choose-text-2\">\n\t\t\t\t\t\t\t                            <div class=\"ft-section-title-3 headline\">\n\t\t\t\t\t\t\t\t<span class=\"text-uppercase\">POURQUOI NOUS CHOISIR?<\/span>                    \t\t\t<h2>Nous cr\u00e9ons des opportunit\u00e9s pour atteindre le potentiel.<\/h2>\t\t\t\t\t\t\t<\/div>\n                                                        \t\t\t\t\t\t\t\t\n\t\t\t\t\t\t\t\t                                <div class=\"ft-why-choose-list-wrapper ul-li-block\">\n                                    <ul>\n                                                                                <li>Contactez nous par t\u00e9l\u00e9phone Whatsapp ou email<\/li>\n                                                                                <li>Recevez Votre devis<\/li>\n                                                                                <li>Fixer un rdv<\/li>\n                                                                                <li>Commencons<\/li>\n                                                                            <\/ul>\n                                <\/div>\n                                                                \n                            \t\t\t\t\t\t<\/div>\n\t\t\t\t\t<\/div>\n\t\t\t\t\t                    <div class=\"col-lg-6\">\n\t\t\t\t\t\t<div class=\"ft-why-choose-form-wrapper\">\n\t\t\t\t\t\t\t<div class=\"ft-why-choose-form pera-content\">\n\t\t\t\t\t\t\t\t[stm-calc id=\"3296\"]\n\t\t\t\t\t\t\t\t\t\t\t\t\t\t\t<\/div>\n\t\t\t\t\t\t<\/div>\n\t\t\t\t\t<\/div>\n                    \t\t\t\t<\/div>\n\t\t\t<\/div>\n\t\t<\/div>\n\t<\/section>\n\t<!-- End of why choose us section\n\t============================================= -->\n    \n    \t\t<\/div>\n\t\t\t\t<\/div>\n\t\t\t\t<div class=\"elementor-element elementor-element-36946b1 elementor-widget elementor-widget-spacer\" data-id=\"36946b1\" data-element_type=\"widget\" data-widget_type=\"spacer.default\">\n\t\t\t\t<div class=\"elementor-widget-container\">\n\t\t\t\t\t<div class=\"elementor-spacer\">\n\t\t\t<div class=\"elementor-spacer-inner\"><\/div>\n\t\t<\/div>\n\t\t\t\t<\/div>\n\t\t\t\t<\/div>\n\t\t\t\t<div class=\"elementor-element elementor-element-034fb94 elementor-invisible elementor-widget elementor-widget-heading\" data-id=\"034fb94\" data-element_type=\"widget\" data-settings=\"{&quot;_animation&quot;:&quot;fadeInDown&quot;}\" data-widget_type=\"heading.default\">\n\t\t\t\t<div class=\"elementor-widget-container\">\n\t\t\t<h2 class=\"elementor-heading-title elementor-size-default\">Contactez-nous<\/h2>\t\t<\/div>\n\t\t\t\t<\/div>\n\t\t\t\t<div class=\"elementor-element elementor-element-e3e7b1a elementor-widget elementor-widget-spacer\" data-id=\"e3e7b1a\" data-element_type=\"widget\" data-widget_type=\"spacer.default\">\n\t\t\t\t<div class=\"elementor-widget-container\">\n\t\t\t\t\t<div class=\"elementor-spacer\">\n\t\t\t<div class=\"elementor-spacer-inner\"><\/div>\n\t\t<\/div>\n\t\t\t\t<\/div>\n\t\t\t\t<\/div>\n\t\t\t\t<div class=\"elementor-element elementor-element-f6d6122 elementor-widget elementor-widget-fastrans_contact_us\" data-id=\"f6d6122\" data-element_type=\"widget\" data-widget_type=\"fastrans_contact_us.default\">\n\t\t\t\t<div class=\"elementor-widget-container\">\n\t\t\t\t\n    <!-- Start of contact page section\n\t============================================= -->\n\t<section id=\"ft-contact-page\" class=\"ft-contact-page-section page-padding\">\n\t\t<div class=\"container\">\n\t\t\t<div class=\"ft-contact-page-content\">\n\t\t\t\t<div class=\"row\">\n\t\t\t\t\t<div class=\"col-lg-6\">\n\t\t\t\t\t\t<div class=\"ft-contact-page-text-wrapper\">\n\t\t\t\t\t\t\t                            <div class=\"ft-section-title-2 headline pera-content\">\n\t\t\t\t\t\t\t\t\t\t\t\t\t\t\t\t<h2>Comment pouvons-nous vous aider?<\/h2>\t\t\t\t\t\t\t<\/div>\n\t\t\t\t\t\t\t                            <div class=\"ft-contact-page-contact-info\">\n\t\t\t\t\t\t\t\t                                <div class=\"ft-contact-cta-items d-flex\">\n\t\t\t\t\t\t\t\t\t<div class=\"ft-contact-cta-icon d-flex align-items-center justify-content-center\">\n\t\t\t\t\t\t\t\t\t\t<i class=\"fal fa-map\"><\/i>\n\t\t\t\t\t\t\t\t\t<\/div>\n\t\t\t\t\t\t\t\t\t<div class=\"ft-contact-cta-text headline pera-content\">\n\t\t\t\t\t\t\t\t\t\t<h3>Address<\/h3>\n\t\t\t\t\t\t\t\t\t\tEnter Text Here\t\t\t\t\t\t\t\t\t<\/div>\n\t\t\t\t\t\t\t\t<\/div>\n                                                                <div class=\"ft-contact-cta-items d-flex\">\n\t\t\t\t\t\t\t\t\t<div class=\"ft-contact-cta-icon d-flex align-items-center justify-content-center\">\n\t\t\t\t\t\t\t\t\t\t<i class=\"fal fa-phone\"><\/i>\n\t\t\t\t\t\t\t\t\t<\/div>\n\t\t\t\t\t\t\t\t\t<div class=\"ft-contact-cta-text headline pera-content\">\n\t\t\t\t\t\t\t\t\t\t<h3>Telephone number<\/h3>\n\t\t\t\t\t\t\t\t\t\t (+212) 6-666-6666\t\t\t\t\t\t\t\t\t<\/div>\n\t\t\t\t\t\t\t\t<\/div>\n                                                                <div class=\"ft-contact-cta-items d-flex\">\n\t\t\t\t\t\t\t\t\t<div class=\"ft-contact-cta-icon d-flex align-items-center justify-content-center\">\n\t\t\t\t\t\t\t\t\t\t<i class=\"fal icon flaticon-email\"><\/i>\n\t\t\t\t\t\t\t\t\t<\/div>\n\t\t\t\t\t\t\t\t\t<div class=\"ft-contact-cta-text headline pera-content\">\n\t\t\t\t\t\t\t\t\t\t<h3>Mail address<\/h3>\n\t\t\t\t\t\t\t\t\t\tcontact@mormove.com\t\t\t\t\t\t\t\t\t<\/div>\n\t\t\t\t\t\t\t\t<\/div>\n                                \t\t\t\t\t\t\t<\/div>\n\t\t\t\t\t\t<\/div>\n\t\t\t\t\t<\/div>\n\t\t\t\t\t<div class=\"col-lg-6\">\n\t\t\t\t\t\t<div class=\"ft-contact-page-form-wrapper headline\">\n\t\t\t\t\t\t\t<h3 class=\"text-center\">Get a Quote<\/h3>                            \n<div class=\"wpcf7 no-js\" id=\"wpcf7-f1013-o1\" lang=\"en-US\" dir=\"ltr\">\n<div class=\"screen-reader-response\"><p role=\"status\" aria-live=\"polite\" aria-atomic=\"true\"><\/p> <ul><\/ul><\/div>\n<form action=\"\/index.php\/wp-json\/wp\/v2\/pages\/3302#wpcf7-f1013-o1\" method=\"post\" class=\"wpcf7-form init\" aria-label=\"Contact form\" novalidate=\"novalidate\" data-status=\"init\">\n<div style=\"display: none;\">\n<input type=\"hidden\" name=\"_wpcf7\" value=\"1013\" \/>\n<input type=\"hidden\" name=\"_wpcf7_version\" value=\"5.9.6\" \/>\n<input type=\"hidden\" name=\"_wpcf7_locale\" value=\"en_US\" \/>\n<input type=\"hidden\" name=\"_wpcf7_unit_tag\" value=\"wpcf7-f1013-o1\" \/>\n<input type=\"hidden\" name=\"_wpcf7_container_post\" value=\"0\" \/>\n<input type=\"hidden\" name=\"_wpcf7_posted_data_hash\" value=\"\" \/>\n<\/div>\n<div class=\"row\">\n\t<div class=\"col-lg-12\">\n\t\t<p><span class=\"wpcf7-form-control-wrap\" data-name=\"text-475\"><input size=\"40\" maxlength=\"80\" class=\"wpcf7-form-control wpcf7-text wpcf7-validates-as-required\" aria-required=\"true\" aria-invalid=\"false\" placeholder=\"nom et pr\u00e9nom *\" value=\"\" type=\"text\" name=\"text-475\" \/><\/span>\n\t\t<\/p>\n\t<\/div>\n\t<div class=\"col-lg-12\">\n\t\t<p><span class=\"wpcf7-form-control-wrap\" data-name=\"email-621\"><input size=\"40\" maxlength=\"80\" class=\"wpcf7-form-control wpcf7-email wpcf7-validates-as-required wpcf7-text wpcf7-validates-as-email\" aria-required=\"true\" aria-invalid=\"false\" placeholder=\"E-mail\" value=\"\" type=\"email\" name=\"email-621\" \/><\/span>\n\t\t<\/p>\n\t<\/div>\n\t<div class=\"col-lg-12\">\n\t\t<p><span class=\"wpcf7-form-control-wrap\" data-name=\"text-477\"><input size=\"40\" maxlength=\"80\" class=\"wpcf7-form-control wpcf7-text\" aria-invalid=\"false\" placeholder=\"Num\u00e9ro de t\u00e9l\u00e9phone\" value=\"\" type=\"text\" name=\"text-477\" \/><\/span>\n\t\t<\/p>\n\t<\/div>\n\t<div class=\"col-lg-12\">\n\t\t<p><span class=\"wpcf7-form-control-wrap\" data-name=\"textarea-527\"><textarea cols=\"40\" rows=\"10\" maxlength=\"400\" class=\"wpcf7-form-control wpcf7-textarea\" aria-invalid=\"false\" placeholder=\"Your Message\" name=\"textarea-527\"><\/textarea><\/span>\n\t\t<\/p>\n\t<\/div>\n\t<div class=\"col-lg-12\">\n\t\t<p><button> Prenez rendez-vous<\/button>\n\t\t<\/p>\n\t<\/div>\n<\/div><p style=\"display: none !important;\" class=\"akismet-fields-container\" data-prefix=\"_wpcf7_ak_\"><label>&#916;<textarea name=\"_wpcf7_ak_hp_textarea\" cols=\"45\" rows=\"8\" maxlength=\"100\"><\/textarea><\/label><input type=\"hidden\" id=\"ak_js_1\" name=\"_wpcf7_ak_js\" value=\"174\"\/><script>document.getElementById( \"ak_js_1\" ).setAttribute( \"value\", ( new Date() ).getTime() );<\/script><\/p><div class=\"wpcf7-response-output\" aria-hidden=\"true\"><\/div>\n<\/form>\n<\/div>\n\t\t\t\t\t\t<\/div>\n\t\t\t\t\t<\/div>\n\t\t\t\t<\/div>\n\t\t\t<\/div>\n\t\t<\/div>\n\t<\/section>\t\t\n\t<!-- End of contact page section\n\t============================================= -->\n\t\t\n    \t\t<\/div>\n\t\t\t\t<\/div>\n\t\t\t\t<div class=\"elementor-element elementor-element-c672b1a elementor-widget elementor-widget-spacer\" data-id=\"c672b1a\" data-element_type=\"widget\" data-widget_type=\"spacer.default\">\n\t\t\t\t<div class=\"elementor-widget-container\">\n\t\t\t\t\t<div class=\"elementor-spacer\">\n\t\t\t<div class=\"elementor-spacer-inner\"><\/div>\n\t\t<\/div>\n\t\t\t\t<\/div>\n\t\t\t\t<\/div>\n\t\t\t\t\t<\/div>\n\t\t<\/div>\n\t\t\t\t\t<\/div>\n\t\t<\/section>\n\t\t\t\t<\/div>\n\t\t","protected":false},"excerpt":{"rendered":"<p>Recevez votre devis personnalis\u00e9 POURQUOI NOUS CHOISIR? Nous cr\u00e9ons des opportunit\u00e9s pour atteindre le potentiel. Contactez nous par t\u00e9l\u00e9phone Whatsapp ou email Recevez Votre devis Fixer un rdv Commencons Contactez-nous Comment pouvons-nous vous aider? Address Enter Text Here Telephone number (+212) 6-666-6666 Mail address contact@mormove.com Get a Quote Prenez rendez-vous &#916;<\/p>\n","protected":false},"author":1,"featured_media":0,"parent":0,"menu_order":0,"comment_status":"closed","ping_status":"closed","template":"","meta":{"footnotes":""},"_links":{"self":[{"href":"https:\/\/mormove.com\/index.php\/wp-json\/wp\/v2\/pages\/3302"}],"collection":[{"href":"https:\/\/mormove.com\/index.php\/wp-json\/wp\/v2\/pages"}],"about":[{"href":"https:\/\/mormove.com\/index.php\/wp-json\/wp\/v2\/types\/page"}],"author":[{"embeddable":true,"href":"https:\/\/mormove.com\/index.php\/wp-json\/wp\/v2\/users\/1"}],"replies":[{"embeddable":true,"href":"https:\/\/mormove.com\/index.php\/wp-json\/wp\/v2\/comments?post=3302"}],"version-history":[{"count":10,"href":"https:\/\/mormove.com\/index.php\/wp-json\/wp\/v2\/pages\/3302\/revisions"}],"predecessor-version":[{"id":3392,"href":"https:\/\/mormove.com\/index.php\/wp-json\/wp\/v2\/pages\/3302\/revisions\/3392"}],"wp:attachment":[{"href":"https:\/\/mormove.com\/index.php\/wp-json\/wp\/v2\/media?parent=3302"}],"curies":[{"name":"wp","href":"https:\/\/api.w.org\/{rel}","templated":true}]}}